{"id":16,"date":"2021-03-04T01:44:54","date_gmt":"2021-03-03T23:44:54","guid":{"rendered":"https:\/\/www.jagdhaus-walch.com\/?page_id=16"},"modified":"2025-04-05T04:01:59","modified_gmt":"2025-04-05T02:01:59","slug":"impressum","status":"publish","type":"page","link":"https:\/\/www.jagdhaus-walch.com\/en\/impressum\/","title":{"rendered":"Site Notice"},"content":{"rendered":"\t\t<div data-elementor-type=\"wp-page\" data-elementor-id=\"16\" class=\"elementor elementor-16\" data-elementor-post-type=\"page\">\n\t\t\t\t\t\t<section class=\"elementor-section elementor-top-section elementor-element elementor-element-0d6a524 elementor-section-boxed elementor-section-height-default elementor-section-height-default\" data-id=\"0d6a524\" data-element_type=\"section\" data-e-type=\"section\" data-settings=\"{&quot;jet_parallax_layout_list&quot;:[{&quot;jet_parallax_layout_image&quot;:{&quot;url&quot;:&quot;&quot;,&quot;id&quot;:&quot;&quot;,&quot;size&quot;:&quot;&quot;},&quot;_id&quot;:&quot;680cc00&quot;,&quot;jet_parallax_layout_image_tablet&quot;:{&quot;url&quot;:&quot;&quot;,&quot;id&quot;:&quot;&quot;,&quot;size&quot;:&quot;&quot;},&quot;jet_parallax_layout_image_mobile&quot;:{&quot;url&quot;:&quot;&quot;,&quot;id&quot;:&quot;&quot;,&quot;size&quot;:&quot;&quot;},&quot;jet_parallax_layout_speed&quot;:{&quot;unit&quot;:&quot;%&quot;,&quot;size&quot;:50,&quot;sizes&quot;:[]},&quot;jet_parallax_layout_type&quot;:&quot;scroll&quot;,&quot;jet_parallax_layout_direction&quot;:&quot;1&quot;,&quot;jet_parallax_layout_fx_direction&quot;:null,&quot;jet_parallax_layout_z_index&quot;:&quot;&quot;,&quot;jet_parallax_layout_bg_x&quot;:50,&quot;jet_parallax_layout_bg_x_tablet&quot;:&quot;&quot;,&quot;jet_parallax_layout_bg_x_mobile&quot;:&quot;&quot;,&quot;jet_parallax_layout_bg_y&quot;:50,&quot;jet_parallax_layout_bg_y_tablet&quot;:&quot;&quot;,&quot;jet_parallax_layout_bg_y_mobile&quot;:&quot;&quot;,&quot;jet_parallax_layout_bg_size&quot;:&quot;auto&quot;,&quot;jet_parallax_layout_bg_size_tablet&quot;:&quot;&quot;,&quot;jet_parallax_layout_bg_size_mobile&quot;:&quot;&quot;,&quot;jet_parallax_layout_animation_prop&quot;:&quot;transform&quot;,&quot;jet_parallax_layout_on&quot;:[&quot;desktop&quot;,&quot;tablet&quot;]}]}\">\n\t\t\t\t\t\t<div class=\"elementor-container elementor-column-gap-default\">\n\t\t\t\t\t<div class=\"elementor-column elementor-col-100 elementor-top-column elementor-element elementor-element-322b8e4\" data-id=\"322b8e4\" data-element_type=\"column\" data-e-type=\"column\">\n\t\t\t<div class=\"elementor-widget-wrap elementor-element-populated\">\n\t\t\t\t\t\t<div class=\"elementor-element elementor-element-c0edfef elementor-widget elementor-widget-erecht24\" data-id=\"c0edfef\" data-element_type=\"widget\" data-e-type=\"widget\" data-widget_type=\"erecht24.default\">\n\t\t\t\t<div class=\"elementor-widget-container\">\n\t\t\t\t\t<div class=\"erecht24-elementor-widget\"><div style=\"word-wrap: break-word;\"><h1>Impressum<\/h1>\n\n<p>Kaiser &amp; Schnirch Gbr<br \/>\nKl&ouml;sterle 50a<br \/>\n6754 Kl&ouml;sterle<\/p>\n\n<p><strong>Vertreten durch:<\/strong><br \/>\nJ&uuml;rgen Kaiser und Stefan Schnirch<\/p>\n\n<h2>Kontakt<\/h2>\n<p>Telefon: Auf Anfrage<br \/>\nE-Mail: info@jagdhaus-walch.com&nbsp;<\/p>\n\n<h2>Redaktionell verantwortlich<\/h2>\n<p>Kaiser &amp; Schnirch Gbr<br \/>\r\nKl&ouml;sterle 50a<br \/>\r\n6754 Kl&ouml;sterle<br \/>\r\n&Ouml;sterreich<\/p>\n\n<h2>EU-Streitschlichtung<\/h2>\n<p>Die Europ&auml;ische Kommission stellt eine Plattform zur Online-Streitbeilegung (OS) bereit: <a href=\"https:\/\/ec.europa.eu\/consumers\/odr\/\" target=\"_blank\" rel=\"noopener noreferrer\">https:\/\/ec.europa.eu\/consumers\/odr\/<\/a>.<br \/> Unsere E-Mail-Adresse finden Sie oben im Impressum.<\/p>\n\n<h2>Verbraucher&shy;streit&shy;beilegung\/Universal&shy;schlichtungs&shy;stelle<\/h2>\n<p>Wir sind nicht bereit oder verpflichtet, an Streitbeilegungsverfahren vor einer Verbraucherschlichtungsstelle teilzunehmen.<\/p><\/div><\/div>\t\t\t\t<\/div>\n\t\t\t\t<\/div>\n\t\t\t\t<div class=\"elementor-element elementor-element-c852628 elementor-widget elementor-widget-html\" data-id=\"c852628\" data-element_type=\"widget\" data-e-type=\"widget\" data-widget_type=\"html.default\">\n\t\t\t\t<div class=\"elementor-widget-container\">\n\t\t\t\t\t<h3>Haftung f\u00fcr Inhalte<\/h3>\n<p>Als Diensteanbieter sind wir gem\u00e4\u00df \u00a7 7 Abs. 1 DDG (Digitale-Dienste-Gesetz) f\u00fcr eigene Inhalte auf diesen Seiten nach den allgemeinen Gesetzen verantwortlich. Nach den \u00a7\u00a7 8 bis 10 DDG sind wir als Diensteanbieter jedoch nicht verpflichtet, \u00fcbermittelte oder gespeicherte fremde Informationen zu \u00fcberwachen oder nach Umst\u00e4nden zu forschen, die auf eine rechtswidrige T\u00e4tigkeit hinweisen.<\/p>\n<p>Verpflichtungen zur Entfernung oder Sperrung der Nutzung von Informationen nach den allgemeinen Gesetzen bleiben hiervon unber\u00fchrt. Eine diesbez\u00fcgliche Haftung ist jedoch erst ab dem Zeitpunkt der Kenntnis einer konkreten Rechtsverletzung m\u00f6glich. Bei Bekanntwerden von entsprechenden Rechtsverletzungen werden wir diese Inhalte umgehend entfernen.<\/p>\n\n<h3>Haftung f\u00fcr Links<\/h3>\n<p>Unser Angebot enth\u00e4lt Links zu externen Webseiten Dritter, auf deren Inhalte wir keinen Einfluss haben. Deshalb k\u00f6nnen wir f\u00fcr diese fremden Inhalte auch keine Gew\u00e4hr \u00fcbernehmen. F\u00fcr die Inhalte der verlinkten Seiten ist stets der jeweilige Anbieter oder Betreiber der Seiten verantwortlich. Die verlinkten Seiten wurden zum Zeitpunkt der Verlinkung auf m\u00f6gliche Rechtsverst\u00f6\u00dfe \u00fcberpr\u00fcft. Rechtswidrige Inhalte waren zum Zeitpunkt der Verlinkung nicht erkennbar.<\/p>\n<p>Eine permanente inhaltliche Kontrolle der verlinkten Seiten ist jedoch ohne konkrete Anhaltspunkte einer Rechtsverletzung nicht zumutbar. Bei Bekanntwerden von Rechtsverletzungen werden wir derartige Links umgehend entfernen.<\/p>\n\n<h3>Urheberrecht &amp; Nutzungsrechte<\/h3>\n<p>Die durch <strong>Marketing-Brand\u00ae | Leon H\u00fcttl, Maximilianstra\u00dfe 46, 75172 Pforzheim<\/strong> erstellten Inhalte, Designs und technischen Umsetzungen dieser Webseite unterliegen dem deutschen Urheberrecht. Sofern nicht ausdr\u00fccklich anders vereinbart, verbleiben alle Urheberrechte an individuell erstellten Layouts, Texten, Programmierungen und sonstigen kreativen Leistungen bei der Agentur.<\/p>\n<p>Dem Seitenbetreiber wurde im Rahmen der Zusammenarbeit ein einfaches, nicht ausschlie\u00dfliches und nicht \u00fcbertragbares Nutzungsrecht zur Verwendung der Webseite f\u00fcr eigene Zwecke einger\u00e4umt. Weitere Nutzungen \u2013 insbesondere eine Bearbeitung oder Weitergabe an Dritte \u2013 bed\u00fcrfen einer gesonderten Vereinbarung mit Marketing-Brand\u00ae.<\/p>\n<p>Soweit Inhalte auf dieser Seite nicht von uns erstellt wurden, werden die Urheberrechte Dritter beachtet. Insbesondere werden Inhalte Dritter als solche gekennzeichnet. Solltest du trotzdem auf eine Urheberrechtsverletzung aufmerksam werden, bitten wir um einen entsprechenden Hinweis. Bei Bekanntwerden von Rechtsverletzungen werden wir derartige Inhalte umgehend entfernen.<\/p>\n\n<p><strong>Stand:<\/strong> M\u00e4rz 2025<\/p>\n\t\t\t\t<\/div>\n\t\t\t\t<\/div>\n\t\t\t\t\t<\/div>\n\t\t<\/div>\n\t\t\t\t\t<\/div>\n\t\t<\/section>\n\t\t\t\t<\/div>\n\t\t","protected":false},"excerpt":{"rendered":"<p>Impressum Kaiser &amp; Schnirch Gbr Kl&ouml;sterle 50a 6754 Kl&ouml;sterle Vertreten durch: J&uuml;rgen Kaiser und Stefan Schnirch Kontakt Telefon: Auf Anfrage E-Mail: info@jagdhaus-walch.com&nbsp; Redaktionell verantwortlich Kaiser &amp; Schnirch Gbr Kl&ouml;sterle 50a 6754 Kl&ouml;sterle &Ouml;sterreich EU-Streitschlichtung Die Europ&auml;ische Kommission stellt eine Plattform zur Online-Streitbeilegung (OS) bereit: https:\/\/ec.europa.eu\/consumers\/odr\/. Unsere E-Mail-Adresse finden Sie oben im Impressum. Verbraucher&shy;streit&shy;beilegung\/Universal&shy;schlichtungs&shy;stelle Wir sind [&hellip;]<\/p>\n","protected":false},"author":1,"featured_media":0,"parent":0,"menu_order":0,"comment_status":"closed","ping_status":"closed","template":"","meta":{"footnotes":""},"class_list":["post-16","page","type-page","status-publish","hentry"],"yoast_head":"<!-- This site is optimized with the Yoast SEO plugin v27.5 - https:\/\/yoast.com\/product\/yoast-seo-wordpress\/ -->\n<title>Impressum - Jadghaus Walch<\/title>\n<meta name=\"robots\" content=\"noindex, nofollow\" \/>\n<meta property=\"og:locale\" content=\"en_US\" \/>\n<meta property=\"og:type\" content=\"article\" \/>\n<meta property=\"og:title\" content=\"Impressum - Jadghaus Walch\" \/>\n<meta property=\"og:description\" content=\"Impressum Kaiser &amp; Schnirch Gbr Kl&ouml;sterle 50a 6754 Kl&ouml;sterle Vertreten durch: J&uuml;rgen Kaiser und Stefan Schnirch Kontakt Telefon: Auf Anfrage E-Mail: info@jagdhaus-walch.com&nbsp; Redaktionell verantwortlich Kaiser &amp; Schnirch Gbr Kl&ouml;sterle 50a 6754 Kl&ouml;sterle &Ouml;sterreich EU-Streitschlichtung Die Europ&auml;ische Kommission stellt eine Plattform zur Online-Streitbeilegung (OS) bereit: https:\/\/ec.europa.eu\/consumers\/odr\/. Unsere E-Mail-Adresse finden Sie oben im Impressum. Verbraucher&shy;streit&shy;beilegung\/Universal&shy;schlichtungs&shy;stelle Wir sind [&hellip;]\" \/>\n<meta property=\"og:url\" content=\"https:\/\/www.jagdhaus-walch.com\/en\/impressum\/\" \/>\n<meta property=\"og:site_name\" content=\"Jadghaus Walch\" \/>\n<meta property=\"article:modified_time\" content=\"2025-04-05T02:01:59+00:00\" \/>\n<meta name=\"twitter:card\" content=\"summary_large_image\" \/>\n<meta name=\"twitter:label1\" content=\"Est. reading time\" \/>\n\t<meta name=\"twitter:data1\" content=\"3 minutes\" \/>\n<script type=\"application\/ld+json\" class=\"yoast-schema-graph\">{\"@context\":\"https:\\\/\\\/schema.org\",\"@graph\":[{\"@type\":\"WebPage\",\"@id\":\"https:\\\/\\\/www.jagdhaus-walch.com\\\/impressum\\\/\",\"url\":\"https:\\\/\\\/www.jagdhaus-walch.com\\\/impressum\\\/\",\"name\":\"Impressum - Jadghaus Walch\",\"isPartOf\":{\"@id\":\"https:\\\/\\\/www.jagdhaus-walch.com\\\/en\\\/#website\"},\"datePublished\":\"2021-03-03T23:44:54+00:00\",\"dateModified\":\"2025-04-05T02:01:59+00:00\",\"breadcrumb\":{\"@id\":\"https:\\\/\\\/www.jagdhaus-walch.com\\\/impressum\\\/#breadcrumb\"},\"inLanguage\":\"en-US\",\"potentialAction\":[{\"@type\":\"ReadAction\",\"target\":[\"https:\\\/\\\/www.jagdhaus-walch.com\\\/impressum\\\/\"]}]},{\"@type\":\"BreadcrumbList\",\"@id\":\"https:\\\/\\\/www.jagdhaus-walch.com\\\/impressum\\\/#breadcrumb\",\"itemListElement\":[{\"@type\":\"ListItem\",\"position\":1,\"name\":\"Startseite\",\"item\":\"https:\\\/\\\/www.jagdhaus-walch.com\\\/\"},{\"@type\":\"ListItem\",\"position\":2,\"name\":\"Impressum\"}]},{\"@type\":\"WebSite\",\"@id\":\"https:\\\/\\\/www.jagdhaus-walch.com\\\/en\\\/#website\",\"url\":\"https:\\\/\\\/www.jagdhaus-walch.com\\\/en\\\/\",\"name\":\"Jadghaus Walch\",\"description\":\"\",\"publisher\":{\"@id\":\"https:\\\/\\\/www.jagdhaus-walch.com\\\/en\\\/#organization\"},\"potentialAction\":[{\"@type\":\"SearchAction\",\"target\":{\"@type\":\"EntryPoint\",\"urlTemplate\":\"https:\\\/\\\/www.jagdhaus-walch.com\\\/en\\\/?s={search_term_string}\"},\"query-input\":{\"@type\":\"PropertyValueSpecification\",\"valueRequired\":true,\"valueName\":\"search_term_string\"}}],\"inLanguage\":\"en-US\"},{\"@type\":\"Organization\",\"@id\":\"https:\\\/\\\/www.jagdhaus-walch.com\\\/en\\\/#organization\",\"name\":\"Jadghaus Walch\",\"url\":\"https:\\\/\\\/www.jagdhaus-walch.com\\\/en\\\/\",\"logo\":{\"@type\":\"ImageObject\",\"inLanguage\":\"en-US\",\"@id\":\"https:\\\/\\\/www.jagdhaus-walch.com\\\/en\\\/#\\\/schema\\\/logo\\\/image\\\/\",\"url\":\"https:\\\/\\\/www.jagdhaus-walch.com\\\/wp-content\\\/uploads\\\/2021\\\/03\\\/IMG_5638-scaled.jpg\",\"contentUrl\":\"https:\\\/\\\/www.jagdhaus-walch.com\\\/wp-content\\\/uploads\\\/2021\\\/03\\\/IMG_5638-scaled.jpg\",\"width\":2560,\"height\":1224,\"caption\":\"Jadghaus Walch\"},\"image\":{\"@id\":\"https:\\\/\\\/www.jagdhaus-walch.com\\\/en\\\/#\\\/schema\\\/logo\\\/image\\\/\"}}]}<\/script>\n<!-- \/ Yoast SEO plugin. -->","yoast_head_json":{"title":"Legal Notice - Jagdhaus Walch","robots":{"index":"noindex","follow":"nofollow"},"og_locale":"en_US","og_type":"article","og_title":"Impressum - Jadghaus Walch","og_description":"Impressum Kaiser &amp; Schnirch Gbr Kl&ouml;sterle 50a 6754 Kl&ouml;sterle Vertreten durch: J&uuml;rgen Kaiser und Stefan Schnirch Kontakt Telefon: Auf Anfrage E-Mail: info@jagdhaus-walch.com&nbsp; Redaktionell verantwortlich Kaiser &amp; Schnirch Gbr Kl&ouml;sterle 50a 6754 Kl&ouml;sterle &Ouml;sterreich EU-Streitschlichtung Die Europ&auml;ische Kommission stellt eine Plattform zur Online-Streitbeilegung (OS) bereit: https:\/\/ec.europa.eu\/consumers\/odr\/. Unsere E-Mail-Adresse finden Sie oben im Impressum. Verbraucher&shy;streit&shy;beilegung\/Universal&shy;schlichtungs&shy;stelle Wir sind [&hellip;]","og_url":"https:\/\/www.jagdhaus-walch.com\/en\/impressum\/","og_site_name":"Jadghaus Walch","article_modified_time":"2025-04-05T02:01:59+00:00","twitter_card":"summary_large_image","twitter_misc":{"Est. reading time":"3 minutes"},"schema":{"@context":"https:\/\/schema.org","@graph":[{"@type":"WebPage","@id":"https:\/\/www.jagdhaus-walch.com\/impressum\/","url":"https:\/\/www.jagdhaus-walch.com\/impressum\/","name":"Legal Notice - Jagdhaus Walch","isPartOf":{"@id":"https:\/\/www.jagdhaus-walch.com\/en\/#website"},"datePublished":"2021-03-03T23:44:54+00:00","dateModified":"2025-04-05T02:01:59+00:00","breadcrumb":{"@id":"https:\/\/www.jagdhaus-walch.com\/impressum\/#breadcrumb"},"inLanguage":"en-US","potentialAction":[{"@type":"ReadAction","target":["https:\/\/www.jagdhaus-walch.com\/impressum\/"]}]},{"@type":"BreadcrumbList","@id":"https:\/\/www.jagdhaus-walch.com\/impressum\/#breadcrumb","itemListElement":[{"@type":"ListItem","position":1,"name":"Startseite","item":"https:\/\/www.jagdhaus-walch.com\/"},{"@type":"ListItem","position":2,"name":"Impressum"}]},{"@type":"WebSite","@id":"https:\/\/www.jagdhaus-walch.com\/en\/#website","url":"https:\/\/www.jagdhaus-walch.com\/en\/","name":"Hunting lodge Walch","description":"","publisher":{"@id":"https:\/\/www.jagdhaus-walch.com\/en\/#organization"},"potentialAction":[{"@type":"SearchAction","target":{"@type":"EntryPoint","urlTemplate":"https:\/\/www.jagdhaus-walch.com\/en\/?s={search_term_string}"},"query-input":{"@type":"PropertyValueSpecification","valueRequired":true,"valueName":"search_term_string"}}],"inLanguage":"en-US"},{"@type":"Organization","@id":"https:\/\/www.jagdhaus-walch.com\/en\/#organization","name":"Hunting lodge Walch","url":"https:\/\/www.jagdhaus-walch.com\/en\/","logo":{"@type":"ImageObject","inLanguage":"en-US","@id":"https:\/\/www.jagdhaus-walch.com\/en\/#\/schema\/logo\/image\/","url":"https:\/\/www.jagdhaus-walch.com\/wp-content\/uploads\/2021\/03\/IMG_5638-scaled.jpg","contentUrl":"https:\/\/www.jagdhaus-walch.com\/wp-content\/uploads\/2021\/03\/IMG_5638-scaled.jpg","width":2560,"height":1224,"caption":"Jadghaus Walch"},"image":{"@id":"https:\/\/www.jagdhaus-walch.com\/en\/#\/schema\/logo\/image\/"}}]}},"_links":{"self":[{"href":"https:\/\/www.jagdhaus-walch.com\/en\/wp-json\/wp\/v2\/pages\/16","targetHints":{"allow":["GET"]}}],"collection":[{"href":"https:\/\/www.jagdhaus-walch.com\/en\/wp-json\/wp\/v2\/pages"}],"about":[{"href":"https:\/\/www.jagdhaus-walch.com\/en\/wp-json\/wp\/v2\/types\/page"}],"author":[{"embeddable":true,"href":"https:\/\/www.jagdhaus-walch.com\/en\/wp-json\/wp\/v2\/users\/1"}],"replies":[{"embeddable":true,"href":"https:\/\/www.jagdhaus-walch.com\/en\/wp-json\/wp\/v2\/comments?post=16"}],"version-history":[{"count":0,"href":"https:\/\/www.jagdhaus-walch.com\/en\/wp-json\/wp\/v2\/pages\/16\/revisions"}],"wp:attachment":[{"href":"https:\/\/www.jagdhaus-walch.com\/en\/wp-json\/wp\/v2\/media?parent=16"}],"curies":[{"name":"WordPress","href":"https:\/\/api.w.org\/{rel}","templated":true}]}}